{"id":55,"date":"2020-11-28T19:53:51","date_gmt":"2020-11-28T19:53:51","guid":{"rendered":"https:\/\/www.liceuvladimirescu.md\/?page_id=55"},"modified":"2026-03-27T10:34:45","modified_gmt":"2026-03-27T10:34:45","slug":"acasa","status":"publish","type":"page","link":"https:\/\/www.liceuvladimirescu.md\/","title":{"rendered":"Acas\u0103"},"content":{"rendered":"\n<div class=\"wp-block-group\"><div class=\"wp-block-group__inner-container\"><div class=\"wp-block-calendar\"><table id=\"wp-calendar\" class=\"wp-calendar-table\">\n\t<caption>aprilie 2026<\/caption>\n\t<thead>\n\t<tr>\n\t\t<th scope=\"col\" title=\"luni\">L<\/th>\n\t\t<th scope=\"col\" title=\"mar\u021bi\">Ma<\/th>\n\t\t<th scope=\"col\" title=\"miercuri\">Mi<\/th>\n\t\t<th scope=\"col\" title=\"joi\">J<\/th>\n\t\t<th scope=\"col\" title=\"vineri\">V<\/th>\n\t\t<th scope=\"col\" title=\"s\u00e2mb\u0103t\u0103\">S<\/th>\n\t\t<th scope=\"col\" title=\"duminic\u0103\">D<\/th>\n\t<\/tr>\n\t<\/thead>\n\t<tbody>\n\t<tr>\n\t\t<td colspan=\"2\" class=\"pad\">&nbsp;<\/td><td>1<\/td><td>2<\/td><td>3<\/td><td>4<\/td><td>5<\/td>\n\t<\/tr>\n\t<tr>\n\t\t<td>6<\/td><td>7<\/td><td><a href=\"https:\/\/www.liceuvladimirescu.md\/index.php\/2026\/04\/08\/\" aria-label=\"Articole publicate \u00een 8 April 2026\">8<\/a><\/td><td>9<\/td><td>10<\/td><td>11<\/td><td>12<\/td>\n\t<\/tr>\n\t<tr>\n\t\t<td>13<\/td><td>14<\/td><td>15<\/td><td>16<\/td><td>17<\/td><td>18<\/td><td>19<\/td>\n\t<\/tr>\n\t<tr>\n\t\t<td>20<\/td><td id=\"today\">21<\/td><td>22<\/td><td>23<\/td><td>24<\/td><td>25<\/td><td>26<\/td>\n\t<\/tr>\n\t<tr>\n\t\t<td>27<\/td><td>28<\/td><td>29<\/td><td>30<\/td>\n\t\t<td class=\"pad\" colspan=\"3\">&nbsp;<\/td>\n\t<\/tr>\n\t<\/tbody>\n\t<\/table><nav aria-label=\"Lunile anterioare \u0219i urm\u0103toare\" class=\"wp-calendar-nav\">\n\t\t<span class=\"wp-calendar-nav-prev\"><a href=\"https:\/\/www.liceuvladimirescu.md\/index.php\/2026\/03\/\">&laquo; mart.<\/a><\/span>\n\t\t<span class=\"pad\">&nbsp;<\/span>\n\t\t<span class=\"wp-calendar-nav-next\">&nbsp;<\/span>\n\t<\/nav><\/div><\/div><\/div>\n\n\n\n<div class=\"wp-block-group\"><div class=\"wp-block-group__inner-container\"><\/div><\/div>\n\n\n\n<h2>Nout\u0103\u021bi<\/h2>\n\n\n<ul class=\"wp-block-latest-posts__list wp-block-latest-posts\"><li><a href=\"https:\/\/www.liceuvladimirescu.md\/index.php\/2026\/04\/08\/informatia-privind-cheltuielile-efectuate-pe-parcursul-lunii-martie-2026\/\">Informa\u021bia privind cheltuielile efectuate pe parcursul lunii martie 2026<\/a><\/li>\n<li><a href=\"https:\/\/www.liceuvladimirescu.md\/index.php\/2026\/03\/27\/e-timpul-sa-dam-un-refresh-liceului-%f0%9f%8c%bf\/\">E timpul s\u0103 d\u0103m un refresh liceului! \ud83c\udf3f<\/a><\/li>\n<li><a href=\"https:\/\/www.liceuvladimirescu.md\/index.php\/2026\/03\/27\/inscrierea-in-clasa-i\/\">\u00censcrierea \u00een clasa I<\/a><\/li>\n<li><a href=\"https:\/\/www.liceuvladimirescu.md\/index.php\/2026\/03\/10\/informatia-privind-cheltuielile-efectuate-pe-parcursul-lunii-februarie-2026\/\">Informa\u021bia privind cheltuielile efectuate pe parcursul lunii februarie 2026<\/a><\/li>\n<li><a href=\"https:\/\/www.liceuvladimirescu.md\/index.php\/2026\/02\/19\/o-iarna-ca-n-povesti-in-iplttudor-vladimirescu\/\">O iarn\u0103 ca-n pove\u0219ti \u00een IPLT\u201eTudor Vladimirescu\u201d!<\/a><\/li>\n<\/ul>","protected":false},"excerpt":{"rendered":"<p>Nout\u0103\u021bi<\/p>\n","protected":false},"author":1,"featured_media":57,"parent":0,"menu_order":0,"comment_status":"closed","ping_status":"closed","template":"","meta":[],"_links":{"self":[{"href":"https:\/\/www.liceuvladimirescu.md\/index.php\/wp-json\/wp\/v2\/pages\/55"}],"collection":[{"href":"https:\/\/www.liceuvladimirescu.md\/index.php\/wp-json\/wp\/v2\/pages"}],"about":[{"href":"https:\/\/www.liceuvladimirescu.md\/index.php\/wp-json\/wp\/v2\/types\/page"}],"author":[{"embeddable":true,"href":"https:\/\/www.liceuvladimirescu.md\/index.php\/wp-json\/wp\/v2\/users\/1"}],"replies":[{"embeddable":true,"href":"https:\/\/www.liceuvladimirescu.md\/index.php\/wp-json\/wp\/v2\/comments?post=55"}],"version-history":[{"count":10,"href":"https:\/\/www.liceuvladimirescu.md\/index.php\/wp-json\/wp\/v2\/pages\/55\/revisions"}],"predecessor-version":[{"id":731,"href":"https:\/\/www.liceuvladimirescu.md\/index.php\/wp-json\/wp\/v2\/pages\/55\/revisions\/731"}],"wp:featuredmedia":[{"embeddable":true,"href":"https:\/\/www.liceuvladimirescu.md\/index.php\/wp-json\/wp\/v2\/media\/57"}],"wp:attachment":[{"href":"https:\/\/www.liceuvladimirescu.md\/index.php\/wp-json\/wp\/v2\/media?parent=55"}],"curies":[{"name":"wp","href":"https:\/\/api.w.org\/{rel}","templated":true}]}}