{"id":133,"date":"2020-11-28T21:22:00","date_gmt":"2020-11-28T21:22:00","guid":{"rendered":"https:\/\/www.liceuvladimirescu.md\/?page_id=133"},"modified":"2023-01-19T12:41:53","modified_gmt":"2023-01-19T12:41:53","slug":"documente","status":"publish","type":"page","link":"https:\/\/www.liceuvladimirescu.md\/index.php\/documente\/","title":{"rendered":"Documente \u0219i rapoarte"},"content":{"rendered":"\n<ul><li><a href=\"https:\/\/www.liceuvladimirescu.md\/data\/info\/documente\/5a913203396a83.71946521.pdf\" data-type=\"URL\" data-id=\"https:\/\/www.liceuvladimirescu.md\/data\/info\/documente\/5a913203396a83.71946521.pdf\">METODOLOGIA de organizare \u015fi desf\u0103\u015furare a evalu\u0103rii finale din \u00ceNV\u0102\u0162\u0102M\u00ceNTUL PRIMAR<\/a><\/li><li><a href=\"https:\/\/www.liceuvladimirescu.md\/data\/info\/documente\/5a913245b9f1d2.49958939.pdf\">METODOLOGIA de organizare \u015fi desf\u0103\u015furare a examenelor de absolvire a GIMNAZIULUI<\/a><\/li><li><a href=\"https:\/\/www.liceuvladimirescu.md\/data\/info\/documente\/\" data-type=\"URL\" data-id=\"https:\/\/www.liceuvladimirescu.md\/data\/info\/documente\/\">METODOLOGIA de organizare \u015fi desf\u0103\u015furare a examenului de BACALAUREAT_RO<\/a><\/li><li><a href=\"https:\/\/www.liceuvladimirescu.md\/data\/info\/documente\/5a9132813c38a1.31142673.pdf\">Raport de evaluare a Liceului Teoretic \u201eTudor Vladimirescu\u201d Chi\u0219in\u0103u, aprobat prin Ordinul I\u0218N nr. 51 din 28 februarie 2017<\/a><\/li><li><a href=\"https:\/\/www.liceuvladimirescu.md\/data\/info\/documente\/5e3d01d0aee456.74871878.pdf\" data-type=\"URL\" data-id=\"https:\/\/www.liceuvladimirescu.md\/data\/info\/documente\/5e3d01d0aee456.74871878.pdf\">Rapoarte de achizi\u021bii 2019<\/a><\/li><li><a href=\"https:\/\/www.liceuvladimirescu.md\/data\/info\/documente\/5e3d023f6262f1.19712438.pdf\">Regulamentul de activitate al institu\u021biei<\/a><\/li><li><a href=\"https:\/\/www.liceuvladimirescu.md\/data\/info\/documente\/5e3d02726bd4d2.63576891.pdf\" data-type=\"URL\" data-id=\"https:\/\/www.liceuvladimirescu.md\/data\/info\/documente\/5e3d02726bd4d2.63576891.pdf\">Bugetul institu\u021biei 2020<\/a><\/li><li><a href=\"https:\/\/www.liceuvladimirescu.md\/data\/info\/documente\/5e3d029bdbf0f7.46114387.pdf\" data-type=\"URL\" data-id=\"https:\/\/www.liceuvladimirescu.md\/data\/info\/documente\/5e3d029bdbf0f7.46114387.pdf\">Planul de achizi\u021bii 2020<\/a><\/li><li><a href=\"https:\/\/www.liceuvladimirescu.md\/data\/info\/documente\/5e6740bc5083e3.85046156.pdf\" data-type=\"URL\" data-id=\"https:\/\/www.liceuvladimirescu.md\/data\/info\/documente\/5e6740bc5083e3.85046156.pdf\">Raport financiar privind executarea bugetului<\/a><\/li><li><a href=\"https:\/\/www.liceuvladimirescu.md\/data\/info\/documente\/5e677790c920b9.72811306.pdf\" data-type=\"URL\" data-id=\"https:\/\/www.liceuvladimirescu.md\/data\/info\/documente\/5e677790c920b9.72811306.pdf\">Cheltuielile efectuate \u00een luna ianuarie 2020<\/a><\/li><li><a href=\"https:\/\/www.liceuvladimirescu.md\/data\/info\/documente\/5e6777a8b80de1.55193448.pdf\" data-type=\"URL\" data-id=\"https:\/\/www.liceuvladimirescu.md\/data\/info\/documente\/5e6777a8b80de1.55193448.pdf\">Cheltuielile efectuate \u00een luna februarie 2020<\/a><\/li><li><a href=\"https:\/\/www.liceuvladimirescu.md\/data\/info\/documente\/5ed8b0f3464df5.84866476.pdf\" data-type=\"URL\" data-id=\"https:\/\/www.liceuvladimirescu.md\/data\/info\/documente\/5ed8b0f3464df5.84866476.pdf\">Declara\u021bie cu privire la impozitul pe venit<\/a><\/li><li><a href=\"https:\/\/www.liceuvladimirescu.md\/data\/info\/documente\/5ed8b16cba76e6.25015992.pdf\" data-type=\"URL\" data-id=\"https:\/\/www.liceuvladimirescu.md\/data\/info\/documente\/5ed8b16cba76e6.25015992.pdf\">Informa\u021bii privind cheltuielile efectuate pe parcursul lunii mai 2020<\/a><\/li><li><a href=\"https:\/\/www.liceuvladimirescu.md\/data\/info\/documente\/5f02f6a3cb7a78.26086731.pdf\" data-type=\"URL\" data-id=\"https:\/\/www.liceuvladimirescu.md\/data\/info\/documente\/5f02f6a3cb7a78.26086731.pdf\">Informa\u021bii privind cheltuielile efectuate pe parcursul lunii iunie 2020<\/a><\/li><li><a href=\"https:\/\/www.liceuvladimirescu.md\/data\/info\/documente\/5f2923fedf3cd2.26334887.pdf\" data-type=\"URL\" data-id=\"https:\/\/www.liceuvladimirescu.md\/data\/info\/documente\/5f2923fedf3cd2.26334887.pdf\">Cheltuielile efectuate \u00een luna iulie 2020<\/a><\/li><li><a href=\"https:\/\/www.liceuvladimirescu.md\/data\/info\/documente\/Bugetul-institu\u021biei-bugetare-pe-anul-2021.pdf\" data-type=\"URL\" data-id=\"https:\/\/www.liceuvladimirescu.md\/data\/info\/documente\/Bugetul-institu\u021biei-bugetare-pe-anul-2021.pdf\">Bugetul institu\u021biei bugetare pe anul 2021<\/a><\/li><li><a href=\"https:\/\/www.liceuvladimirescu.md\/data\/info\/documente\/Declara\u021bia-cu-privire-la-impozitul-pe-venit-pentru-organiza\u021biile-necomerciale_2019.pdf\" data-type=\"URL\" data-id=\"https:\/\/www.liceuvladimirescu.md\/data\/info\/documente\/Declara\u021bia-cu-privire-la-impozitul-pe-venit-pentru-organiza\u021biile-necomerciale_2019.pdf\">Declara\u021bia cu privire la impozitul pe venit pentru organiza\u021biile necomerciale 2019<\/a><\/li><li><a href=\"https:\/\/www.liceuvladimirescu.md\/data\/info\/documente\/planul-de-masuri-privind-executarea-bugetului2021.pdf\" data-type=\"URL\" data-id=\"https:\/\/www.liceuvladimirescu.md\/data\/info\/documente\/planul-de-masuri-privind-executarea-bugetului2021.pdf\">Planul de masuri privind executarea bugetului 2021<\/a><\/li><li><a href=\"https:\/\/www.liceuvladimirescu.md\/data\/info\/documente\/Situa\u021biile-financiare-ale-organiza\u021biei-necomerciale_2019.pdf\" data-type=\"URL\" data-id=\"https:\/\/www.liceuvladimirescu.md\/data\/info\/documente\/Situa\u021biile-financiare-ale-organiza\u021biei-necomerciale_2019.pdf\">Situa\u021biile financiare ale organiza\u021biei necomerciale 2019<\/a><\/li><li><a href=\"https:\/\/www.liceuvladimirescu.md\/data\/info\/documente\/Reg-de-func\u021bionare.pdf\" data-type=\"URL\" data-id=\"https:\/\/www.liceuvladimirescu.md\/data\/info\/documente\/Reg-de-func\u021bionare.pdf\">Regulamentul de organizare \u0219i func\u021bionare a IPLT \u201eTudor Vladimirescu\u201d<\/a><\/li><li><a href=\"https:\/\/www.liceuvladimirescu.md\/data\/info\/documente\/Informa\u021bie-privind-cheltuielile-efectuate-\u00een-luna-ianuarie-2021.pdf\" data-type=\"URL\" data-id=\"https:\/\/www.liceuvladimirescu.md\/data\/info\/documente\/Informa\u021bie-privind-cheltuielile-efectuate-\u00een-luna-ianuarie-2021.pdf\">Informa\u021bie privind cheltuielile efectuate \u00een luna ianuarie 2021<\/a><\/li><li><a href=\"https:\/\/www.liceuvladimirescu.md\/data\/info\/documente\/lista-bunurilor_dona\u021bie-2020.pdf\" data-type=\"URL\" data-id=\"https:\/\/www.liceuvladimirescu.md\/data\/info\/documente\/lista-bunurilor_dona\u021bie-2020.pdf\">Lista bunurilor dona\u021bie 2020<\/a><\/li><li><a href=\"https:\/\/www.liceuvladimirescu.md\/data\/info\/documente\/Informa\u021bii-privind-chletuielile-pe-parcursul-lunii-februarie-2021.pdf\" data-type=\"URL\" data-id=\"https:\/\/www.liceuvladimirescu.md\/data\/info\/documente\/Informa\u021bii-privind-chletuielile-pe-parcursul-lunii-februarie-2021.pdf\">Informa\u021bii privind cheltuielile efectuate pe parcursul lunii februarie 2021<\/a><\/li><li><a href=\"https:\/\/www.liceuvladimirescu.md\/data\/info\/documente\/Informa\u021bie-privind-cheltuiele-efectuate-pe-parcursul-lunii-martie-2021.pdf\" data-type=\"URL\" data-id=\"https:\/\/www.liceuvladimirescu.md\/data\/info\/documente\/Informa\u021bie-privind-cheltuiele-efectuate-pe-parcursul-lunii-martie-2021.pdf\">Informa\u021bie privind cheltuiele efectuate pe parcursul lunii martie 2021<\/a><\/li><li><a href=\"https:\/\/www.liceuvladimirescu.md\/data\/info\/documente\/cheltuieli.pdf\" data-type=\"URL\" data-id=\"https:\/\/www.liceuvladimirescu.md\/data\/info\/documente\/cheltuieli.pdf\">Informa\u021bie privind cheltuiele efectuate pe parcursul lunii iunie 2021<\/a><\/li><li><a href=\"https:\/\/www.liceuvladimirescu.md\/data\/info\/documente\/Informa\u021bie-privind-cheltuielele-efectuate-\u00een-luna-iulie-2021.pdf\" data-type=\"URL\" data-id=\"https:\/\/www.liceuvladimirescu.md\/data\/info\/documente\/Informa\u021bie-privind-cheltuielele-efectuate-\u00een-luna-iulie-2021.pdf\">Informa\u021bie privind cheltuiele efectuate pe parcursul lunii iulie 2021<\/a><\/li><li><a href=\"https:\/\/www.liceuvladimirescu.md\/data\/info\/documente\/Informa\u021bii-privind-cheltuielile-efectuate-pe-parcursul-lunii-august-2021.pdf\" data-type=\"URL\" data-id=\"https:\/\/www.liceuvladimirescu.md\/data\/info\/documente\/Informa\u021bii-privind-cheltuielile-efectuate-pe-parcursul-lunii-august-2021.pdf\">Informa\u021bie privind cheltuiele efectuate pe parcursul lunii august 2021<\/a><\/li><li><a href=\"https:\/\/www.liceuvladimirescu.md\/data\/info\/documente\/Informa\u021bii-privind-cheltuielie-efectuate-\u00een-luna-septembrie-2021.pdf\" data-type=\"URL\" data-id=\"https:\/\/www.liceuvladimirescu.md\/data\/info\/documente\/Informa\u021bii-privind-cheltuielie-efectuate-\u00een-luna-septembrie-2021.pdf\">Informa\u021bie privind cheltuiele efectuate pe parcursul lunii septembrie 2021<\/a><\/li><li><a href=\"https:\/\/www.liceuvladimirescu.md\/data\/info\/documente\/Informa\u021bii-privind-cheltuielile-efectuate-pe-parcursul-lunii-octombrie-2021.pdf\" data-type=\"URL\" data-id=\"https:\/\/www.liceuvladimirescu.md\/data\/info\/documente\/Informa\u021bii-privind-cheltuielile-efectuate-pe-parcursul-lunii-octombrie-2021.pdf\">Informa\u021bie privind cheltuiele efectuate pe parcursul lunii octombrie 2021<\/a><\/li><li><a href=\"http:\/\/liceuvladimirescu.md\/data\/info\/documente\/Informa\u021bii-privind-cheltuielile-efectuate-pe-parcursul-lunii-noiembrie-2021.pdf\" data-type=\"URL\" data-id=\"liceuvladimirescu.md\/data\/info\/documente\/Informa\u021bii-privind-cheltuielile-efectuate-pe-parcursul-lunii-noiembrie-2021.pdf\">Informa\u021bie privind cheltuielile efectuate pe parcursul lunii noiembrie 2021<\/a><\/li><li><a href=\"http:\/\/liceuvladimirescu.md\/data\/info\/documente\/Informa\u021bii-privind-cheltuielile-efectuate-pe-parcursul-lunii-decembrie-2021.pdf\" data-type=\"URL\" data-id=\"http:\/\/liceuvladimirescu.md\/data\/info\/documente\/Informa\u021bii-privind-cheltuielile-efectuate-pe-parcursul-lunii-decembrie-2021.pdf\">Informa\u021bie privind cheltuielile efectuate pe parcursul lunii decembrie 2021<\/a><\/li><li><a rel=\"noreferrer noopener\" href=\"http:\/\/liceuvladimirescu.md\/data\/info\/documente\/Informa\u021bii privind cheltuielile pe parcursul lunii ianuarie2022.pdf\" target=\"_blank\">Informa\u021bie privind cheltuielile efectuate pe parcursul lunii ianuarie 2022<\/a><\/li><li><a href=\"http:\/\/liceuvladimirescu.md\/data\/info\/documente\/Darea de seam\u0103 privind realizarea achizi\u021biilor de valoare mic\u0103.pdf\">Darea de seam\u0103 privind realizarea achizi\u021biilor publice de valoare mic\u0103<\/a><\/li><li><a href=\"http:\/\/liceuvladimirescu.md\/data\/info\/documente\/Planul de m\u0103suri privind executarea bugetului pe anul 2022.pdf\">Planul de m\u0103suri privind executarea bugetului pe anul 2022<\/a><\/li><li><a href=\"http:\/\/liceuvladimirescu.md\/data\/info\/documente\/Bugetul institu\u021biei bugetare 2022.pdf\">Bugetul institu\u021biei bugetare 2022.pdf<\/a><\/li><li><a href=\"http:\/\/liceuvladimirescu.md\/data\/info\/documente\/Informa\u021bii privind cheltuielile pe parcursul lunii februarie 2022.pdf\" data-type=\"page\">Informa\u021bii privind cheltuielile pe parcursul lunii februarie 2022<\/a><\/li><li><a href=\"http:\/\/liceuvladimirescu.md\/data\/info\/documente\/Informa\u021bii privind cheltuielile pe parcursul lunii martie 2022.pdf\">Informa\u021bii privind cheltuielile pe parcursul lunii martie 2022<\/a><\/li><li><a href=\"http:\/\/liceuvladimirescu.md\/data\/info\/documente\/Informa\u021bii privind cheltuielile efectuate pe parcursul lunii aprilie 2022.pdf\">Informa\u021bii privind cheltuielile efectuate pe parcursul lunii aprilie 2022<\/a><\/li><li><a href=\"http:\/\/liceuvladimirescu.md\/data\/info\/documente\/Informa\u021bii privind cheltielile efectuate pe parcursul lunii mai 2022.pdf\">Informa\u021bii privind cheltuielile efectuate pe parcursul lunii mai 2022<\/a><\/li><li><a href=\"http:\/\/liceuvladimirescu.md\/data\/info\/documente\/Informa\u021bie privind cheltuielile efectuate pe parcursul lunii iunie 2022.pdf\">Informa\u021bie privind cheltuielile efectuate pe parcursul lunii iunie 2022<\/a><\/li><li><a href=\"http:\/\/liceuvladimirescu.md\/data\/info\/documente\/Planul 2022.pdf\">Plan de achizi\u021bii 2022<\/a><\/li><li><a href=\"http:\/\/liceuvladimirescu.md\/data\/info\/documente\/Informa\u021bie privind cheltuielile efectuate pe parcursul lunii iulie 2022.pdf\">Informa\u021bie privind cheltuielile efectuate pe parcursul lunii iulie 2022<\/a><\/li><li><a href=\"http:\/\/liceuvladimirescu.md\/data\/info\/documente\/Raport de activitate institu\u021bie 2022-finisat.pdf\">Raport de activitate al institu\u021biei, anul de studii 2021-2022<\/a><\/li><li><a href=\"http:\/\/liceuvladimirescu.md\/data\/info\/documente\/Raport de activitate _ 2022_Fusa.pdf\">Raport de activitate al directorului institu\u021biei, Fusa Zinaida, pentru anul de studii 2021-2022<\/a><\/li><li><a href=\"http:\/\/liceuvladimirescu.md\/data\/info\/documente\/Raport de activitate _ 2022_Moraru.pdf\">Raport de activitate al directorului adjunct, Moraru Diana, pentru anul de studii 2021-2022<\/a><\/li><li><a href=\"http:\/\/liceuvladimirescu.md\/data\/info\/documente\/Raport de activitate _ 2022_Arsene-Ciobanu (2).pdf\">Raport de activitate al directorului adjunct, Arsene-Ciobanu Maria, pentru anul de studii 2021-2022<\/a><\/li><li><a href=\"http:\/\/liceuvladimirescu.md\/data\/info\/documente\/Raport de activitate _ 2022_Lupu (1).pdf\">Raport de activitate al directorului adjunct, Lupu Galina, pentru anul de studii 2021-2022<\/a><\/li><li><a href=\"http:\/\/liceuvladimirescu.md\/data\/info\/documente\/IPLT\u201eTudor Vladimirescu\u201d_Informa\u021bie privind cheltuielile efectuate pe parcursul lunii august 2022.pdf\">Informa\u021bie privind cheltuielile efectuate pe parcursul lunii august 2022<\/a><\/li><\/ul>\n\n\n\n<div class=\"wp-block-file\"><a href=\"https:\/\/www.liceuvladimirescu.md\/wp-content\/uploads\/2022\/11\/IPLT\u201eTudor-Vladimirescu_Informatia-privind-cheltuielile-efectuate-pe-parcursul-lunii-Octombrie-2022-3.pdf\">IPLT\u201eTudor-Vladimirescu_Informatia-privind-cheltuielile-efectuate-pe-parcursul-lunii-Octombrie-2022-3<\/a><a href=\"https:\/\/www.liceuvladimirescu.md\/wp-content\/uploads\/2022\/11\/IPLT\u201eTudor-Vladimirescu_Informatia-privind-cheltuielile-efectuate-pe-parcursul-lunii-Octombrie-2022-3.pdf\" class=\"wp-block-file__button\" download>Descarc\u0103<\/a><\/div>\n\n\n\n<div class=\"wp-block-file\"><a href=\"https:\/\/www.liceuvladimirescu.md\/wp-content\/uploads\/2022\/12\/IPLT\u201eTudor-Vladimirescu_Informatie-privind-cheltuielile-efectuate-pe-parcursul-lunii-Noiembrie-2.pdf\">IPLT\u201eTudor-Vladimirescu_Informatie-privind-cheltuielile-efectuate-pe-parcursul-lunii-Noiembrie-2022<\/a><a href=\"https:\/\/www.liceuvladimirescu.md\/wp-content\/uploads\/2022\/12\/IPLT\u201eTudor-Vladimirescu_Informatie-privind-cheltuielile-efectuate-pe-parcursul-lunii-Noiembrie-2.pdf\" class=\"wp-block-file__button\" download>Descarc\u0103<\/a><\/div>\n\n\n\n<div class=\"wp-block-file\"><a href=\"https:\/\/www.liceuvladimirescu.md\/wp-content\/uploads\/2022\/12\/IPLT\u201eTudor-Vladimirescu_Informatie-privind-cheltuielile-efectuate-pentru-luna-Decembrie_2022-1.pdf\">IPLT\u201eTudor-Vladimirescu_Informatie-privind-cheltuielile-efectuate-pentru-luna-Decembrie_2022-1<\/a><a href=\"https:\/\/www.liceuvladimirescu.md\/wp-content\/uploads\/2022\/12\/IPLT\u201eTudor-Vladimirescu_Informatie-privind-cheltuielile-efectuate-pentru-luna-Decembrie_2022-1.pdf\" class=\"wp-block-file__button\" download>Descarc\u0103<\/a><\/div>\n\n\n\n<div class=\"wp-block-file\"><a href=\"https:\/\/www.liceuvladimirescu.md\/wp-content\/uploads\/2023\/01\/IPLT\u201eTudor-Vladimirescu_Planul-de-achizitii-pentru-anul-2023-1.pdf\">IPLT\u201eTudor-Vladimirescu_Planul-de-achizitii-pentru-anul-2023-1<\/a><a href=\"https:\/\/www.liceuvladimirescu.md\/wp-content\/uploads\/2023\/01\/IPLT\u201eTudor-Vladimirescu_Planul-de-achizitii-pentru-anul-2023-1.pdf\" class=\"wp-block-file__button\" download>Descarc\u0103<\/a><\/div>\n\n\n\n<div class=\"wp-block-file\"><a href=\"https:\/\/www.liceuvladimirescu.md\/wp-content\/uploads\/2023\/01\/IPLT\u201eTudor-Vladimirescu-Darea-de-seama-privind-realizarea-achizitiilor-publice-de-valoare-mica-1.pdf\">IPLT\u201eTudor-Vladimirescu-Darea-de-seama-privind-realizarea-achizitiilor-publice-de-valoare-mica-1<\/a><a href=\"https:\/\/www.liceuvladimirescu.md\/wp-content\/uploads\/2023\/01\/IPLT\u201eTudor-Vladimirescu-Darea-de-seama-privind-realizarea-achizitiilor-publice-de-valoare-mica-1.pdf\" class=\"wp-block-file__button\" download>Descarc\u0103<\/a><\/div>\n","protected":false},"excerpt":{"rendered":"<p>METODOLOGIA de organizare \u015fi desf\u0103\u015furare a evalu\u0103rii finale din \u00ceNV\u0102\u0162\u0102M\u00ceNTUL PRIMAR METODOLOGIA de organizare \u015fi desf\u0103\u015furare a examenelor de absolvire a GIMNAZIULUI METODOLOGIA de organizare \u015fi desf\u0103\u015furare a examenului de BACALAUREAT_RO Raport de evaluare a Liceului Teoretic \u201eTudor Vladimirescu\u201d Chi\u0219in\u0103u, aprobat prin Ordinul I\u0218N nr. 51 din 28 februarie 2017 Rapoarte de achizi\u021bii 2019 Regulamentul [&hellip;]<\/p>\n","protected":false},"author":1,"featured_media":0,"parent":0,"menu_order":0,"comment_status":"closed","ping_status":"closed","template":"","meta":[],"_links":{"self":[{"href":"https:\/\/www.liceuvladimirescu.md\/index.php\/wp-json\/wp\/v2\/pages\/133"}],"collection":[{"href":"https:\/\/www.liceuvladimirescu.md\/index.php\/wp-json\/wp\/v2\/pages"}],"about":[{"href":"https:\/\/www.liceuvladimirescu.md\/index.php\/wp-json\/wp\/v2\/types\/page"}],"author":[{"embeddable":true,"href":"https:\/\/www.liceuvladimirescu.md\/index.php\/wp-json\/wp\/v2\/users\/1"}],"replies":[{"embeddable":true,"href":"https:\/\/www.liceuvladimirescu.md\/index.php\/wp-json\/wp\/v2\/comments?post=133"}],"version-history":[{"count":59,"href":"https:\/\/www.liceuvladimirescu.md\/index.php\/wp-json\/wp\/v2\/pages\/133\/revisions"}],"predecessor-version":[{"id":435,"href":"https:\/\/www.liceuvladimirescu.md\/index.php\/wp-json\/wp\/v2\/pages\/133\/revisions\/435"}],"wp:attachment":[{"href":"https:\/\/www.liceuvladimirescu.md\/index.php\/wp-json\/wp\/v2\/media?parent=133"}],"curies":[{"name":"wp","href":"https:\/\/api.w.org\/{rel}","templated":true}]}}